{"id":13032,"date":"2022-06-24T11:48:50","date_gmt":"2022-06-24T11:48:50","guid":{"rendered":"https:\/\/innov.pt\/feirafin\/?page_id=13032"},"modified":"2022-06-24T11:48:51","modified_gmt":"2022-06-24T11:48:51","slug":"cookies","status":"publish","type":"page","link":"https:\/\/innov.pt\/feirafin\/cookies\/","title":{"rendered":"COOKIES"},"content":{"rendered":"\n<p>O<strong>&nbsp;que \u00e9 um cookie?<\/strong><\/p>\n\n\n\n<p>Consiste num ficheiro que \u00e9 importado para o seu computador ou para outro dispositivo quando acede a determinadas p\u00e1ginas web que recolhem informa\u00e7\u00f5es acerca da sua navega\u00e7\u00e3o nas referidas p\u00e1ginas web. Em alguns casos, os cookies s\u00e3o necess\u00e1rios para facilitar a navega\u00e7\u00e3o e permitem guardar e recuperar informa\u00e7\u00f5es acerca dos h\u00e1bitos de navega\u00e7\u00e3o de um utilizador ou do seu equipamento, entre outros e, consoante a informa\u00e7\u00e3o que contenham e a forma como utiliza o seu equipamento, podem ser usados para reconhecer o utilizador.<\/p>\n\n\n\n<p><strong>Identifica\u00e7\u00e3o dos cookies utilizados<\/strong><\/p>\n\n\n\n<p>Os cookies utilizados nesta p\u00e1gina web podem ser classificados da seguinte forma:<\/p>\n\n\n\n<ul class=\"wp-block-list\"><li><strong>Cookies pr\u00f3prios:<\/strong>S\u00e3o aqueles que s\u00e3o enviados para o equipamento terminal do utilizador a partir de um equipamento ou dom\u00ednio gerido pelo pr\u00f3prio editor e a partir do qual se presta o servi\u00e7o solicitado pelo utilizador.<\/li><li><strong>Cookies de terceiros:<\/strong>S\u00e3o aqueles que s\u00e3o enviados para o equipamento terminal do utilizador a partir de um equipamento ou dom\u00ednio que n\u00e3o \u00e9 gerido pelo editor, mas sim por outra entidade que trata os dados recolhidos atrav\u00e9s dos cookies.<\/li><li><strong>Cookies de sess\u00e3o:<\/strong>Recolhem e guardam dados quando o utilizador acede a uma p\u00e1gina web.<\/li><li><strong>Cookies persistentes:<\/strong>Guardam os dados no terminal de forma a estes poderem ser acedidos e tratados durante um per\u00edodo definido pelo respons\u00e1vel do cookie \u2013 desde alguns minutos a v\u00e1rios anos.<\/li><li><strong>Cookies t\u00e9cnicos:<\/strong>Permitem ao utilizador a navega\u00e7\u00e3o atrav\u00e9s de uma p\u00e1gina web, plataforma ou aplica\u00e7\u00e3o e a utiliza\u00e7\u00e3o das diferentes op\u00e7\u00f5es ou servi\u00e7os que nelas existam.<\/li><li><strong>Cookies de personaliza\u00e7\u00e3o:<\/strong>Permitem ao utilizador aceder ao servi\u00e7o com algumas caracter\u00edsticas de car\u00e1cter geral pr\u00e9-definidas em fun\u00e7\u00e3o de uma s\u00e9rie de crit\u00e9rios no terminal do utilizador, como por exemplo o idioma, o tipo de navegador atrav\u00e9s do qual acede ao servi\u00e7o, a configura\u00e7\u00e3o regional do local a partir do qual acede ao servi\u00e7o, etc.<\/li><li><strong>Cookies de an\u00e1lise:<\/strong>Permitem ao respons\u00e1vel dos mesmos, o acompanhamento e an\u00e1lise do comportamento dos utilizadores dos websites aos quais est\u00e3o vinculados. A informa\u00e7\u00e3o recolhida atrav\u00e9s deste tipo de cookies \u00e9 utilizada na medi\u00e7\u00e3o da atividade dos websites, aplica\u00e7\u00e3o ou plataforma e na elabora\u00e7\u00e3o de perfis de navega\u00e7\u00e3o dos utilizadores dos referidos sites, aplica\u00e7\u00f5es e plataformas, com o objetivo de introduzir melhorias na fun\u00e7\u00e3o de an\u00e1lise dos dados de utiliza\u00e7\u00e3o dos utilizadores do servi\u00e7o.<\/li><\/ul>\n\n\n\n<p><strong>Desativa\u00e7\u00e3o dos cookies<\/strong><\/p>\n\n\n\n<p>O utilizador pode permitir, bloquear ou eliminar os cookies instalados no seu equipamento atrav\u00e9s da configura\u00e7\u00e3o das op\u00e7\u00f5es do navegador instalado no seu computador. Por favor, leia atentamente a sec\u00e7\u00e3o de ajuda do seu navegador para saber mais informa\u00e7\u00f5es sobre como ativar o \u201cmodo privado\u201d ou desbloquear determinados cookies.<\/p>\n\n\n\n<ul class=\"wp-block-list\"><li><strong>Internet Explorer:<\/strong>Ferramentas -&gt; Op\u00e7\u00f5es de Internet -&gt; Privacidade -&gt; Configura\u00e7\u00e3o.<br>Para mais informa\u00e7\u00f5es, pode consultar o suporte da Microsoft ou a Ajuda do navegador.<\/li><li><strong>Firefox:<\/strong>Ferramentas -&gt; Op\u00e7\u00f5es -&gt; Privacidade -&gt; Historial -&gt; Configura\u00e7\u00e3o Personalizada.<br>Para mais informa\u00e7\u00f5es, pode consultar o apoio da Mozilla ou a Ajuda do navegador.<\/li><li><strong>Chrome:<\/strong>Configura\u00e7\u00e3o -&gt; Mostrar op\u00e7\u00f5es avan\u00e7adas -&gt; Privacidade -&gt; Configura\u00e7\u00e3o de conte\u00fado.<br>Para mais informa\u00e7\u00f5es, pode consultar o centro de ajuda do Google ou a Ajuda do navegador.<\/li><li><strong>Safari:<\/strong>Prefer\u00eancias -&gt; Seguran\u00e7a.<br>Para mais informa\u00e7\u00f5es, pode consultar o suporte da Apple ou a Ajuda do navegador.<\/li><\/ul>\n\n\n\n<p><strong>Desativa\u00e7\u00e3o ou elimina\u00e7\u00e3o de cookies pertencentes ao Google Analytics<\/strong><\/p>\n\n\n\n<p>Se aceitar a utiliza\u00e7\u00e3o de cookies pertencentes ao Google Analytics poder\u00e1 desinstal\u00e1-los posteriormente atrav\u00e9s da configura\u00e7\u00e3o do seu navegador, tal como indicado antes, ou atrav\u00e9s da instala\u00e7\u00e3o do suplemento de desativa\u00e7\u00e3o do Google Analytics:&nbsp;<a href=\"https:\/\/tools.google.com\/dlpage\/gaoptout?hl=pt\">https:\/\/tools.google.com\/dlpage\/gaoptout?hl=pt<\/a><\/p>\n\n\n\n<p>Recordamos que ao eliminar os cookies de personaliza\u00e7\u00e3o ter\u00e1 de atualizar as suas prefer\u00eancias sempre que iniciar uma sess\u00e3o no nosso site ou, se utilizar um dispositivo, perfil, computador ou navegador diferentes, ter\u00e1 de nos indicar novamente as suas prefer\u00eancias. Do mesmo modo, esta elimina\u00e7\u00e3o poder\u00e1 impedir o correto funcionamento de algumas funcionalidades.<\/p>\n\n\n\n<p><strong>Bot\u00f5es para redes sociais<\/strong><\/p>\n\n\n\n<p>Utilizamos bot\u00f5es para redes sociais para permitir aos nossos utilizadores partilharem p\u00e1ginas web ou selecionarem-nas como favoritas. Tratam-se de bot\u00f5es para websites de redes sociais externas. Estes sites podem registar a informa\u00e7\u00e3o relativa \u00e0s suas atividades na Internet, incluindo o nosso website. Pode analisar as condi\u00e7\u00f5es de utiliza\u00e7\u00e3o e as pol\u00edticas de privacidade destes websites para saber exatamente como estes utilizam a informa\u00e7\u00e3o e para saber como pode eliminar ou apagar a referida informa\u00e7\u00e3o.<\/p>\n\n\n\n<p><strong>Servi\u00e7os web externos<\/strong><\/p>\n\n\n\n<p>Por vezes utilizamos servi\u00e7os web externos para mostrar conte\u00fados dentro das nossas p\u00e1ginas web. Por exemplo, para mostrar imagens ou v\u00eddeos ou para realizar inqu\u00e9ritos. \u00c0 semelhan\u00e7a dos bot\u00f5es para redes sociais, n\u00e3o podemos evitar que estes websites ou dom\u00ednios externos recolham informa\u00e7\u00f5es acerca da utiliza\u00e7\u00e3o feita destes conte\u00fados incorporados.<\/p>\n\n\n\n<p><strong>Comunica\u00e7\u00f5es atrav\u00e9s de correio eletr\u00f3nico<\/strong><\/p>\n\n\n\n<p>Tamb\u00e9m podemos recorrer a tecnologias de seguimento para saber se determinadas mensagens de correio eletr\u00f3nico por n\u00f3s enviadas foram lidas, se clicou nas mesmas ou se as reencaminhou. Estas tecnologias permitem-nos tornar as nossas comunica\u00e7\u00f5es mais \u00fateis e interessantes. Se n\u00e3o pretende que confirmemos se abriu as nossas mensagens, se clicou nas mesmas ou se as reencaminhou, \u00e9 necess\u00e1rio desativar esta fun\u00e7\u00e3o, uma vez que n\u00f3s n\u00e3o podemos enviar estes emails com a fun\u00e7\u00e3o de seguimento desativada. Os utilizadores registados podem atualizar as suas prefer\u00eancias de comunica\u00e7\u00e3o em qualquer momento entrando em contacto connosco, ou podem desativar esta fun\u00e7\u00e3o seguindo as instru\u00e7\u00f5es inclu\u00eddas nas nossas comunica\u00e7\u00f5es por correio eletr\u00f3nico.<\/p>\n\n\n\n<p><strong>Feira Fin<\/strong> salienta que a varia\u00e7\u00e3o dos cookies que surgem neste website pode n\u00e3o estar relacionada com a gest\u00e3o e manuten\u00e7\u00e3o do mesmo, pelo que s\u00e3o efetuadas revis\u00f5es regulares com vista a adaptar a sua pol\u00edtica de cookies.<\/p>\n\n\n\n<p><strong>Feira Fin<\/strong> n\u00e3o assume qualquer responsabilidade por problemas legais ou t\u00e9cnicos causados pelo incumprimento por parte do UTILIZADOR das recomenda\u00e7\u00f5es indicadas. A presente comunica\u00e7\u00e3o destina-se a conhecimento e utiliza\u00e7\u00e3o pelos utilizadores e, por conseguinte, n\u00e3o deve ser utilizada para qualquer outra finalidade.<\/p>\n\n\n\n<p><strong>Feira Fin<\/strong> n\u00e3o se responsabiliza pelo conte\u00fado e veracidade das pol\u00edticas de privacidade de terceiros inclu\u00eddas na presente pol\u00edtica de cookies.<\/p>\n\n\n\n<p>Em caso de d\u00favida relativamente \u00e0 presente pol\u00edtica de cookies, contacte-nos atrav\u00e9s de geral@feirafin.pt<\/p>\n","protected":false},"excerpt":{"rendered":"<p>O&nbsp;que \u00e9 um cookie? Consiste num ficheiro que \u00e9 importado&hellip;<\/p>\n<p> <a class=\"more-link\" href=\"https:\/\/innov.pt\/feirafin\/cookies\/\">Read more<\/a><\/p>\n","protected":false},"author":2,"featured_media":0,"parent":0,"menu_order":0,"comment_status":"closed","ping_status":"closed","template":"","meta":{"footnotes":""},"class_list":["post-13032","page","type-page","status-publish"],"_links":{"self":[{"href":"https:\/\/innov.pt\/feirafin\/wp-json\/wp\/v2\/pages\/13032","targetHints":{"allow":["GET"]}}],"collection":[{"href":"https:\/\/innov.pt\/feirafin\/wp-json\/wp\/v2\/pages"}],"about":[{"href":"https:\/\/innov.pt\/feirafin\/wp-json\/wp\/v2\/types\/page"}],"author":[{"embeddable":true,"href":"https:\/\/innov.pt\/feirafin\/wp-json\/wp\/v2\/users\/2"}],"replies":[{"embeddable":true,"href":"https:\/\/innov.pt\/feirafin\/wp-json\/wp\/v2\/comments?post=13032"}],"version-history":[{"count":1,"href":"https:\/\/innov.pt\/feirafin\/wp-json\/wp\/v2\/pages\/13032\/revisions"}],"predecessor-version":[{"id":13035,"href":"https:\/\/innov.pt\/feirafin\/wp-json\/wp\/v2\/pages\/13032\/revisions\/13035"}],"wp:attachment":[{"href":"https:\/\/innov.pt\/feirafin\/wp-json\/wp\/v2\/media?parent=13032"}],"curies":[{"name":"wp","href":"https:\/\/api.w.org\/{rel}","templated":true}]}}